{"id":213,"date":"2022-12-06T08:28:02","date_gmt":"2022-12-06T11:28:02","guid":{"rendered":"http:\/\/www.portalcme.recife.pe.gov.br\/?page_id=213"},"modified":"2022-12-15T16:42:21","modified_gmt":"2022-12-15T19:42:21","slug":"escolas-credenciadas","status":"publish","type":"page","link":"http:\/\/www.portalcme.recife.pe.gov.br\/?page_id=213","title":{"rendered":"ESCOLAS CREDENCIADAS"},"content":{"rendered":"\t\t<div data-elementor-type=\"wp-page\" data-elementor-id=\"213\" class=\"elementor elementor-213\">\n\t\t\t\t\t\t\t\t\t<section class=\"elementor-section elementor-top-section elementor-element elementor-element-ebeb71d elementor-section-full_width elementor-section-height-default elementor-section-height-default\" data-id=\"ebeb71d\" data-element_type=\"section\">\n\t\t\t\t\t\t<div class=\"elementor-container elementor-column-gap-default\">\n\t\t\t\t\t<div class=\"elementor-column elementor-col-100 elementor-top-column elementor-element elementor-element-ed1082e\" data-id=\"ed1082e\" data-element_type=\"column\">\n\t\t\t<div class=\"elementor-widget-wrap elementor-element-populated\">\n\t\t\t\t\t\t\t\t<div class=\"elementor-element elementor-element-d812a8f elementor-widget elementor-widget-heading\" data-id=\"d812a8f\" data-element_type=\"widget\" data-widget_type=\"heading.default\">\n\t\t\t\t<div class=\"elementor-widget-container\">\n\t\t\t<style>\/*! elementor - v3.8.1 - 13-11-2022 *\/\n.elementor-heading-title{padding:0;margin:0;line-height:1}.elementor-widget-heading .elementor-heading-title[class*=elementor-size-]>a{color:inherit;font-size:inherit;line-height:inherit}.elementor-widget-heading .elementor-heading-title.elementor-size-small{font-size:15px}.elementor-widget-heading .elementor-heading-title.elementor-size-medium{font-size:19px}.elementor-widget-heading .elementor-heading-title.elementor-size-large{font-size:29px}.elementor-widget-heading .elementor-heading-title.elementor-size-xl{font-size:39px}.elementor-widget-heading .elementor-heading-title.elementor-size-xxl{font-size:59px}<\/style><h1 class=\"elementor-heading-title elementor-size-default\">Escolas Credenciadas<\/h1>\t\t<\/div>\n\t\t\t\t<\/div>\n\t\t\t\t<div class=\"elementor-element elementor-element-e0183b7 tpg-wrapper-align-center title-one-line img_hover_animation_img_zoom_in escolas-grid title_position_default title_hover_border_default grid-hover-overlay-type-always tpg-el-box-border-enable elementor-widget elementor-widget-tpg-grid-layout\" data-id=\"e0183b7\" data-element_type=\"widget\" data-widget_type=\"tpg-grid-layout.default\">\n\t\t\t\t<div class=\"elementor-widget-container\">\n\t\t\t        <div class=\"rt-container-fluid rt-tpg-container tpg-el-main-wrapper clearfix grid-layout1-main\"\r\n             id=\"rt-tpg-container-2782655742\"\r\n             data-layout=\"grid-layout1\"\r\n             data-grid-style=\"tpg-full-height\"\r\n             data-sc-id=\"elementor\"\r\n             data-el-settings=''\r\n             data-el-query=''\r\n             data-el-path=''\r\n        >\r\n\r\n\r\n\t\t\t<div class='tpg-header-wrapper '><\/div>\r\n            <div data-title=\"Loading ...\" class=\"rt-row rt-content-loader grid-layout1 grid-behaviour tpg-full-height grid_layout_wrapper\">\r\n\t\t\t\t\r\n<div class=\"rt-col-md-3 rt-col-sm-6 rt-col-xs-12 img_zoom_in rt-grid-item post-2229 post type-post status-publish format-standard has-post-thumbnail hentry category-escolas-credenciadas\"\t\tdata-id=\"2229\">\r\n\t<div class=\"rt-holder tpg-post-holder\">\r\n\t\t<div class=\"rt-detail rt-el-content-wrapper\">\r\n\t\t\t\t\t\t\t<div class=\"rt-img-holder tpg-el-image-wrap has-thumbnail\">\r\n\t\t\t\t\t<a data-id=\"2229\" href=\"http:\/\/www.portalcme.recife.pe.gov.br\/?p=2229\" class=\"tpg-post-link\" target=\"_self\">                        <img loading=\"lazy\" decoding=\"async\" src=\"http:\/\/www.portalcme.recife.pe.gov.br\/wp-content\/uploads\/colegio-apoio-300x169.jpg\"\r\n                             class=\"rt-img-responsive\"\r\n                             width=\"300\"\r\n                             height=\"169\"\r\n                             alt=\"COL\u00c9GIO APOIO &#8211; EDUCA\u00c7\u00c3O INFANTIL &#8211; Port. 2536 &#8211; 07\/11\/2018 &#8211; Inscri\u00e7\u00e3o: P.010.111 &#8211;\">\r\n\t\t\t\t\t\t\r\n\t\t\t\t\t\t\t\r\n\t\t<\/a>\r\n\t\t        <div class=\"overlay grid-hover-content\"><\/div>\r\n\t\t\t\t\t\t<\/div>\r\n\t\t\t\r\n\t\t\t<div class=\"entry-title-wrapper\"><h3 class=\"entry-title\"><a data-id=\"2229\" href=\"http:\/\/www.portalcme.recife.pe.gov.br\/?p=2229\" class=\"tpg-post-link\" target=\"_self\">COL\u00c9GIO APOIO &#8211; EDUCA\u00c7\u00c3O INFANTIL &#8211; Port. 2536 &#8211; 07\/11\/2018 &#8211; Inscri\u00e7\u00e3o: P.010.111 &#8211;<\/a><\/h3><\/div>\r\n\t\t\t\r\n\r\n\t\t\t\t\t\t\t<div class=\"tpg-excerpt tpg-el-excerpt\">\r\n\t\t\t\t\t\t\t\t\t\t\t\t\t\t<\/div>\r\n\t\t\t\r\n\t\t\t\t\t<\/div>\r\n\t<\/div>\r\n<\/div>\r\n\r\n<div class=\"rt-col-md-3 rt-col-sm-6 rt-col-xs-12 img_zoom_in rt-grid-item post-2224 post type-post status-publish format-standard has-post-thumbnail hentry category-escolas-credenciadas\"\t\tdata-id=\"2224\">\r\n\t<div class=\"rt-holder tpg-post-holder\">\r\n\t\t<div class=\"rt-detail rt-el-content-wrapper\">\r\n\t\t\t\t\t\t\t<div class=\"rt-img-holder tpg-el-image-wrap has-thumbnail\">\r\n\t\t\t\t\t<a data-id=\"2224\" href=\"http:\/\/www.portalcme.recife.pe.gov.br\/?p=2224\" class=\"tpg-post-link\" target=\"_self\">                        <img loading=\"lazy\" decoding=\"async\" src=\"http:\/\/www.portalcme.recife.pe.gov.br\/wp-content\/uploads\/creche-Brasil.jpg\"\r\n                             class=\"rt-img-responsive\"\r\n                             width=\"236\"\r\n                             height=\"168\"\r\n                             alt=\"CRECHE BRASIL &#8211; IPSEP &#8211; Port. n\u00ba 1754 &#8211; 14\/12\/2022 &#8211; Inscri\u00e7\u00e3o: P.020.223 &#8211;\">\r\n\t\t\t\t\t\t\r\n\t\t\t\t\t\t\t\r\n\t\t<\/a>\r\n\t\t        <div class=\"overlay grid-hover-content\"><\/div>\r\n\t\t\t\t\t\t<\/div>\r\n\t\t\t\r\n\t\t\t<div class=\"entry-title-wrapper\"><h3 class=\"entry-title\"><a data-id=\"2224\" href=\"http:\/\/www.portalcme.recife.pe.gov.br\/?p=2224\" class=\"tpg-post-link\" target=\"_self\">CRECHE BRASIL &#8211; IPSEP &#8211; Port. n\u00ba 1754 &#8211; 14\/12\/2022 &#8211; Inscri\u00e7\u00e3o: P.020.223 &#8211;<\/a><\/h3><\/div>\r\n\t\t\t\r\n\r\n\t\t\t\t\t\t\t<div class=\"tpg-excerpt tpg-el-excerpt\">\r\n\t\t\t\t\t\t\t\t\t\t\t\t\t\t<\/div>\r\n\t\t\t\r\n\t\t\t\t\t<\/div>\r\n\t<\/div>\r\n<\/div>\r\n\r\n<div class=\"rt-col-md-3 rt-col-sm-6 rt-col-xs-12 img_zoom_in rt-grid-item post-2130 post type-post status-publish format-standard hentry category-escolas-credenciadas\"\t\tdata-id=\"2130\">\r\n\t<div class=\"rt-holder tpg-post-holder\">\r\n\t\t<div class=\"rt-detail rt-el-content-wrapper\">\r\n\t\t\t\t\t\t\t<div class=\"rt-img-holder tpg-el-image-wrap has-no-thumbnail\">\r\n\t\t\t\t\t<a data-id=\"2130\" href=\"http:\/\/www.portalcme.recife.pe.gov.br\/?p=2130\" class=\"tpg-post-link\" target=\"_self\">\t\t\r\n\t\t<\/a>\r\n\t\t        <div class=\"overlay grid-hover-content\"><\/div>\r\n\t\t\t\t\t\t<\/div>\r\n\t\t\t\r\n\t\t\t<div class=\"entry-title-wrapper\"><h3 class=\"entry-title\"><a data-id=\"2130\" href=\"http:\/\/www.portalcme.recife.pe.gov.br\/?p=2130\" class=\"tpg-post-link\" target=\"_self\">COL\u00c9GIO APOIO &#8211; EDUCA\u00c7\u00c3O INFANTIL &#8211; Port. 2536 &#8211; 07\/11\/2018 &#8211; Inscri\u00e7\u00e3o: P.010.111<\/a><\/h3><\/div>\r\n\t\t\t\r\n\r\n\t\t\t\t\t\t\t<div class=\"tpg-excerpt tpg-el-excerpt\">\r\n\t\t\t\t\t\t\t\t\t\t\t\t\t\t<\/div>\r\n\t\t\t\r\n\t\t\t\t\t<\/div>\r\n\t<\/div>\r\n<\/div>\r\n\r\n<div class=\"rt-col-md-3 rt-col-sm-6 rt-col-xs-12 img_zoom_in rt-grid-item post-2123 post type-post status-publish format-standard hentry category-escolas-credenciadas\"\t\tdata-id=\"2123\">\r\n\t<div class=\"rt-holder tpg-post-holder\">\r\n\t\t<div class=\"rt-detail rt-el-content-wrapper\">\r\n\t\t\t\t\t\t\t<div class=\"rt-img-holder tpg-el-image-wrap has-no-thumbnail\">\r\n\t\t\t\t\t<a data-id=\"2123\" href=\"http:\/\/www.portalcme.recife.pe.gov.br\/?p=2123\" class=\"tpg-post-link\" target=\"_self\">\t\t\r\n\t\t<\/a>\r\n\t\t        <div class=\"overlay grid-hover-content\"><\/div>\r\n\t\t\t\t\t\t<\/div>\r\n\t\t\t\r\n\t\t\t<div class=\"entry-title-wrapper\"><h3 class=\"entry-title\"><a data-id=\"2123\" href=\"http:\/\/www.portalcme.recife.pe.gov.br\/?p=2123\" class=\"tpg-post-link\" target=\"_self\">Evolu\u00e7\u00e3o do quantitativo de Institui\u00e7\u00f5es de Ensino credenciadas pelo CME, a partir de 2005.<\/a><\/h3><\/div>\r\n\t\t\t\r\n\r\n\t\t\t\t\t\t\t<div class=\"tpg-excerpt tpg-el-excerpt\">\r\n\t\t\t\t\t\t\t\t\t\t\t\t\t\t<\/div>\r\n\t\t\t\r\n\t\t\t\t\t<\/div>\r\n\t<\/div>\r\n<\/div>\r\n\r\n<div class=\"rt-col-md-3 rt-col-sm-6 rt-col-xs-12 img_zoom_in rt-grid-item post-2120 post type-post status-publish format-standard hentry category-escolas-credenciadas\"\t\tdata-id=\"2120\">\r\n\t<div class=\"rt-holder tpg-post-holder\">\r\n\t\t<div class=\"rt-detail rt-el-content-wrapper\">\r\n\t\t\t\t\t\t\t<div class=\"rt-img-holder tpg-el-image-wrap has-no-thumbnail\">\r\n\t\t\t\t\t<a data-id=\"2120\" href=\"http:\/\/www.portalcme.recife.pe.gov.br\/?p=2120\" class=\"tpg-post-link\" target=\"_self\">\t\t\r\n\t\t<\/a>\r\n\t\t        <div class=\"overlay grid-hover-content\"><\/div>\r\n\t\t\t\t\t\t<\/div>\r\n\t\t\t\r\n\t\t\t<div class=\"entry-title-wrapper\"><h3 class=\"entry-title\"><a data-id=\"2120\" href=\"http:\/\/www.portalcme.recife.pe.gov.br\/?p=2120\" class=\"tpg-post-link\" target=\"_self\">Col\u00e9gio S\u00e3o Pl\u00e1cido &#8211; Cordeiro &#8211; Portaria n. 1590 de 26\/11\/21 &#8211; Inscri\u00e7\u00e3o P.020.215<\/a><\/h3><\/div>\r\n\t\t\t\r\n\r\n\t\t\t\t\t\t\t<div class=\"tpg-excerpt tpg-el-excerpt\">\r\n\t\t\t\t\t\t\t\t\t\t\t\t\t\t<\/div>\r\n\t\t\t\r\n\t\t\t\t\t<\/div>\r\n\t<\/div>\r\n<\/div>\r\n\r\n<div class=\"rt-col-md-3 rt-col-sm-6 rt-col-xs-12 img_zoom_in rt-grid-item post-2117 post type-post status-publish format-standard hentry category-escolas-credenciadas\"\t\tdata-id=\"2117\">\r\n\t<div class=\"rt-holder tpg-post-holder\">\r\n\t\t<div class=\"rt-detail rt-el-content-wrapper\">\r\n\t\t\t\t\t\t\t<div class=\"rt-img-holder tpg-el-image-wrap has-no-thumbnail\">\r\n\t\t\t\t\t<a data-id=\"2117\" href=\"http:\/\/www.portalcme.recife.pe.gov.br\/?p=2117\" class=\"tpg-post-link\" target=\"_self\">\t\t\r\n\t\t<\/a>\r\n\t\t        <div class=\"overlay grid-hover-content\"><\/div>\r\n\t\t\t\t\t\t<\/div>\r\n\t\t\t\r\n\t\t\t<div class=\"entry-title-wrapper\"><h3 class=\"entry-title\"><a data-id=\"2117\" href=\"http:\/\/www.portalcme.recife.pe.gov.br\/?p=2117\" class=\"tpg-post-link\" target=\"_self\">COL\u00c9GIO E CURSO ATITUDE &#8211; CASA AMARELA &#8211; Port. n\u00ba 1590-26\/11\/21 &#8211; Inscri\u00e7\u00e3o: P.010.134<\/a><\/h3><\/div>\r\n\t\t\t\r\n\r\n\t\t\t\t\t\t\t<div class=\"tpg-excerpt tpg-el-excerpt\">\r\n\t\t\t\t\t\t\t\t\t\t\t\t\t\t<\/div>\r\n\t\t\t\r\n\t\t\t\t\t<\/div>\r\n\t<\/div>\r\n<\/div>\r\n\r\n<div class=\"rt-col-md-3 rt-col-sm-6 rt-col-xs-12 img_zoom_in rt-grid-item post-2114 post type-post status-publish format-standard hentry category-escolas-credenciadas\"\t\tdata-id=\"2114\">\r\n\t<div class=\"rt-holder tpg-post-holder\">\r\n\t\t<div class=\"rt-detail rt-el-content-wrapper\">\r\n\t\t\t\t\t\t\t<div class=\"rt-img-holder tpg-el-image-wrap has-no-thumbnail\">\r\n\t\t\t\t\t<a data-id=\"2114\" href=\"http:\/\/www.portalcme.recife.pe.gov.br\/?p=2114\" class=\"tpg-post-link\" target=\"_self\">\t\t\r\n\t\t<\/a>\r\n\t\t        <div class=\"overlay grid-hover-content\"><\/div>\r\n\t\t\t\t\t\t<\/div>\r\n\t\t\t\r\n\t\t\t<div class=\"entry-title-wrapper\"><h3 class=\"entry-title\"><a data-id=\"2114\" href=\"http:\/\/www.portalcme.recife.pe.gov.br\/?p=2114\" class=\"tpg-post-link\" target=\"_self\">CENTRO DE EDUCA\u00c7\u00c3O INFANTIL CAROCHINHA &#8211; PO\u00c7O DA PANELA &#8211; Port. N\u00ba 1362-13\/10\/2021 &#8211; Inscri\u00e7\u00e3o: P.010.133<\/a><\/h3><\/div>\r\n\t\t\t\r\n\r\n\t\t\t\t\t\t\t<div class=\"tpg-excerpt tpg-el-excerpt\">\r\n\t\t\t\t\t\t\t\t\t\t\t\t\t\t<\/div>\r\n\t\t\t\r\n\t\t\t\t\t<\/div>\r\n\t<\/div>\r\n<\/div>\r\n\r\n<div class=\"rt-col-md-3 rt-col-sm-6 rt-col-xs-12 img_zoom_in rt-grid-item post-2106 post type-post status-publish format-standard hentry category-escolas-credenciadas\"\t\tdata-id=\"2106\">\r\n\t<div class=\"rt-holder tpg-post-holder\">\r\n\t\t<div class=\"rt-detail rt-el-content-wrapper\">\r\n\t\t\t\t\t\t\t<div class=\"rt-img-holder tpg-el-image-wrap has-no-thumbnail\">\r\n\t\t\t\t\t<a data-id=\"2106\" href=\"http:\/\/www.portalcme.recife.pe.gov.br\/?p=2106\" class=\"tpg-post-link\" target=\"_self\">\t\t\r\n\t\t<\/a>\r\n\t\t        <div class=\"overlay grid-hover-content\"><\/div>\r\n\t\t\t\t\t\t<\/div>\r\n\t\t\t\r\n\t\t\t<div class=\"entry-title-wrapper\"><h3 class=\"entry-title\"><a data-id=\"2106\" href=\"http:\/\/www.portalcme.recife.pe.gov.br\/?p=2106\" class=\"tpg-post-link\" target=\"_self\">ESCOLA DA ANINHA &#8211;  CASA AMARELA &#8211; Port. 1652 de 04\/11\/22 &#8211; Inscri\u00e7\u00e3o P.010.138<\/a><\/h3><\/div>\r\n\t\t\t\r\n\r\n\t\t\t\t\t\t\t<div class=\"tpg-excerpt tpg-el-excerpt\">\r\n\t\t\t\t\t\t\t\t\t\t\t\t\t\t<\/div>\r\n\t\t\t\r\n\t\t\t\t\t<\/div>\r\n\t<\/div>\r\n<\/div>\r\n            <\/div>\r\n\t\t\t<div class='rt-pagination-wrap' data-total-pages='5' data-posts-per-page='8' data-type='pagination'><div class=\"rt-pagination\"><ul class=\"pagination-list\"><li class=\"active\"><span>1<\/span><\/li><li><a data-paged='2' href='http:\/\/www.portalcme.recife.pe.gov.br\/index.php?rest_route=%2Fwp%2Fv2%2Fpages%2F213&#038;paged=2'>2<\/a><\/li><li><a data-paged='3' href='http:\/\/www.portalcme.recife.pe.gov.br\/index.php?rest_route=%2Fwp%2Fv2%2Fpages%2F213&#038;paged=3'>3<\/a><\/li><li><a data-paged='4' href='http:\/\/www.portalcme.recife.pe.gov.br\/index.php?rest_route=%2Fwp%2Fv2%2Fpages%2F213&#038;paged=4'>4<\/a><\/li><li><a data-paged='5' href='http:\/\/www.portalcme.recife.pe.gov.br\/index.php?rest_route=%2Fwp%2Fv2%2Fpages%2F213&#038;paged=5'>5<\/a><\/li><\/ul><\/div><\/div>\r\n        <\/div>\r\n\t\t\t\t<\/div>\n\t\t\t\t<\/div>\n\t\t\t\t\t<\/div>\n\t\t<\/div>\n\t\t\t\t\t\t\t<\/div>\n\t\t<\/section>\n\t\t\t\t\t\t\t<\/div>\n\t\t","protected":false},"excerpt":{"rendered":"<p>Escolas Credenciadas Red House International School Ano: 2020 Inscri\u00e7\u00e3o: P.010.130 Col\u00e9gio Tr\u00eas Marias Ano: 2020 Inscri\u00e7\u00e3o: P.010.129 Col\u00e9gio Israelita Moys\u00e9s Chyarts Ano: 2020 Inscri\u00e7\u00e3o: P.020.214 Educand\u00e1rio Vov\u00f4 Juca Ano: 2019 Inscri\u00e7\u00e3o: P.010.122 Escola Chave do Saber Ano: 2019 Inscri\u00e7\u00e3o: P.020.207 Centro Educacional da Crian\u00e7a Ano: 2019 Inscri\u00e7\u00e3o: P.010.123 Col\u00e9gio Danda Ano: 2019 Inscri\u00e7\u00e3o: P.010.124 Escola [&hellip;]<\/p>\n","protected":false},"author":2,"featured_media":0,"parent":0,"menu_order":0,"comment_status":"closed","ping_status":"closed","template":"","meta":{"site-sidebar-layout":"no-sidebar","site-content-layout":"page-builder","ast-site-content-layout":"default","site-content-style":"default","site-sidebar-style":"default","ast-global-header-display":"","ast-banner-title-visibility":"","ast-main-header-display":"","ast-hfb-above-header-display":"","ast-hfb-below-header-display":"","ast-hfb-mobile-header-display":"","site-post-title":"disabled","ast-breadcrumbs-content":"","ast-featured-img":"disabled","footer-sml-layout":"","ast-disable-related-posts":"","theme-transparent-header-meta":"","adv-header-id-meta":"","stick-header-meta":"","header-above-stick-meta":"","header-main-stick-meta":"","header-below-stick-meta":"","astra-migrate-meta-layouts":"default","ast-page-background-enabled":"default","ast-page-background-meta":{"desktop":{"background-color":"var(--ast-global-color-4)","background-image":"","background-repeat":"repeat","background-position":"center center","background-size":"auto","background-attachment":"scroll","background-type":"","background-media":"","overlay-type":"","overlay-color":"","overlay-opacity":"","overlay-gradient":""},"tablet":{"background-color":"","background-image":"","background-repeat":"repeat","background-position":"center center","background-size":"auto","background-attachment":"scroll","background-type":"","background-media":"","overlay-type":"","overlay-color":"","overlay-opacity":"","overlay-gradient":""},"mobile":{"background-color":"","background-image":"","background-repeat":"repeat","background-position":"center center","background-size":"auto","background-attachment":"scroll","background-type":"","background-media":"","overlay-type":"","overlay-color":"","overlay-opacity":"","overlay-gradient":""}},"ast-content-background-meta":{"desktop":{"background-color":"var(--ast-global-color-5)","background-image":"","background-repeat":"repeat","background-position":"center center","background-size":"auto","background-attachment":"scroll","background-type":"","background-media":"","overlay-type":"","overlay-color":"","overlay-opacity":"","overlay-gradient":""},"tablet":{"background-color":"var(--ast-global-color-5)","background-image":"","background-repeat":"repeat","background-position":"center center","background-size":"auto","background-attachment":"scroll","background-type":"","background-media":"","overlay-type":"","overlay-color":"","overlay-opacity":"","overlay-gradient":""},"mobile":{"background-color":"var(--ast-global-color-5)","background-image":"","background-repeat":"repeat","background-position":"center center","background-size":"auto","background-attachment":"scroll","background-type":"","background-media":"","overlay-type":"","overlay-color":"","overlay-opacity":"","overlay-gradient":""}},"footnotes":""},"class_list":["post-213","page","type-page","status-publish","hentry"],"rttpg_featured_image_url":null,"rttpg_author":{"display_name":"David Tavares Fernandes da Silva","author_link":"http:\/\/www.portalcme.recife.pe.gov.br\/?author=2"},"rttpg_comment":0,"rttpg_category":"","rttpg_excerpt":"Escolas Credenciadas Red House International School Ano: 2020 Inscri\u00e7\u00e3o: P.010.130 Col\u00e9gio Tr\u00eas Marias Ano: 2020 Inscri\u00e7\u00e3o: P.010.129 Col\u00e9gio Israelita Moys\u00e9s Chyarts Ano: 2020 Inscri\u00e7\u00e3o: P.020.214 Educand\u00e1rio Vov\u00f4 Juca Ano: 2019 Inscri\u00e7\u00e3o: P.010.122 Escola Chave do Saber Ano: 2019 Inscri\u00e7\u00e3o: P.020.207 Centro Educacional da Crian\u00e7a Ano: 2019 Inscri\u00e7\u00e3o: P.010.123 Col\u00e9gio Danda Ano: 2019 Inscri\u00e7\u00e3o: P.010.124 Escola&hellip;","_links":{"self":[{"href":"http:\/\/www.portalcme.recife.pe.gov.br\/index.php?rest_route=\/wp\/v2\/pages\/213","targetHints":{"allow":["GET"]}}],"collection":[{"href":"http:\/\/www.portalcme.recife.pe.gov.br\/index.php?rest_route=\/wp\/v2\/pages"}],"about":[{"href":"http:\/\/www.portalcme.recife.pe.gov.br\/index.php?rest_route=\/wp\/v2\/types\/page"}],"author":[{"embeddable":true,"href":"http:\/\/www.portalcme.recife.pe.gov.br\/index.php?rest_route=\/wp\/v2\/users\/2"}],"replies":[{"embeddable":true,"href":"http:\/\/www.portalcme.recife.pe.gov.br\/index.php?rest_route=%2Fwp%2Fv2%2Fcomments&post=213"}],"version-history":[{"count":25,"href":"http:\/\/www.portalcme.recife.pe.gov.br\/index.php?rest_route=\/wp\/v2\/pages\/213\/revisions"}],"predecessor-version":[{"id":847,"href":"http:\/\/www.portalcme.recife.pe.gov.br\/index.php?rest_route=\/wp\/v2\/pages\/213\/revisions\/847"}],"wp:attachment":[{"href":"http:\/\/www.portalcme.recife.pe.gov.br\/index.php?rest_route=%2Fwp%2Fv2%2Fmedia&parent=213"}],"curies":[{"name":"wp","href":"https:\/\/api.w.org\/{rel}","templated":true}]}}