{"id":25,"date":"2022-12-02T10:30:34","date_gmt":"2022-12-02T13:30:34","guid":{"rendered":"http:\/\/www.portalcme.recife.pe.gov.br\/?page_id=25"},"modified":"2022-12-07T15:55:08","modified_gmt":"2022-12-07T18:55:08","slug":"fotos","status":"publish","type":"page","link":"http:\/\/www.portalcme.recife.pe.gov.br\/?page_id=25","title":{"rendered":"FOTOS"},"content":{"rendered":"\t\t<div data-elementor-type=\"wp-page\" data-elementor-id=\"25\" class=\"elementor elementor-25\">\n\t\t\t\t\t\t\t\t\t<section class=\"elementor-section elementor-top-section elementor-element elementor-element-dda915f elementor-section-full_width elementor-section-height-default elementor-section-height-default\" data-id=\"dda915f\" data-element_type=\"section\">\n\t\t\t\t\t\t<div class=\"elementor-container elementor-column-gap-default\">\n\t\t\t\t\t<div class=\"elementor-column elementor-col-100 elementor-top-column elementor-element elementor-element-20e300e\" data-id=\"20e300e\" data-element_type=\"column\">\n\t\t\t<div class=\"elementor-widget-wrap elementor-element-populated\">\n\t\t\t\t\t\t\t\t<div class=\"elementor-element elementor-element-4023752 elementor-widget elementor-widget-heading\" data-id=\"4023752\" data-element_type=\"widget\" data-widget_type=\"heading.default\">\n\t\t\t\t<div class=\"elementor-widget-container\">\n\t\t\t<style>\/*! elementor - v3.8.1 - 13-11-2022 *\/\n.elementor-heading-title{padding:0;margin:0;line-height:1}.elementor-widget-heading .elementor-heading-title[class*=elementor-size-]>a{color:inherit;font-size:inherit;line-height:inherit}.elementor-widget-heading .elementor-heading-title.elementor-size-small{font-size:15px}.elementor-widget-heading .elementor-heading-title.elementor-size-medium{font-size:19px}.elementor-widget-heading .elementor-heading-title.elementor-size-large{font-size:29px}.elementor-widget-heading .elementor-heading-title.elementor-size-xl{font-size:39px}.elementor-widget-heading .elementor-heading-title.elementor-size-xxl{font-size:59px}<\/style><h2 class=\"elementor-heading-title elementor-size-default\">FOTOS<\/h2>\t\t<\/div>\n\t\t\t\t<\/div>\n\t\t\t\t<div class=\"elementor-element elementor-element-306ba9b tpg-wrapper-align-center grid-hover-overlay-height-auto hover-overlay-height-auto title-default title_position_default title_hover_border_default img_hover_animation_default grid-hover-overlay-type-always elementor-widget elementor-widget-tpg-grid-hover-layout\" data-id=\"306ba9b\" data-element_type=\"widget\" data-widget_type=\"tpg-grid-hover-layout.default\">\n\t\t\t\t<div class=\"elementor-widget-container\">\n\t\t\t\r\n\t\t<div class=\"rt-container-fluid rt-tpg-container tpg-el-main-wrapper grid_hover-layout1-main\"\r\n\t\t\tid=\"rt-tpg-container-800430877\"\r\n\t\t\tdata-layout=\"grid_hover-layout1\"\r\n\t\t\tdata-sc-id=\"elementor\"\r\n\t\t\tdata-el-settings=''\r\n\t\t\tdata-el-query=''\r\n\t\t\tdata-el-path=''\r\n\t\t>\r\n\t\t\t<div class='tpg-header-wrapper '><\/div>\r\n\t\t\t<div data-title=\"Loading ...\"\r\n\t\t\t\tclass=\"rt-row rt-content-loader grid_hover-layout1 tpg-even grid-behaviour grid_hover_layout_wrapper\">\r\n\t\t\t\t\r\n<div class=\"rt-col-md-3 rt-col-sm-6 rt-col-xs-12 default rt-grid-hover-item rt-grid-item\" data-id=\"2631\">\r\n\t<div class=\"rt-holder tpg-post-holder\">\r\n\t\t<div class=\"rt-detail rt-el-content-wrapper\">\r\n\t\t\t\t\t\t\t<div class=\"rt-img-holder tpg-el-image-wrap has-thumbnail\">\r\n\t\t\t\t\t<a data-id=\"2631\" href=\"http:\/\/www.portalcme.recife.pe.gov.br\/?p=2631\" class=\"tpg-post-link\" target=\"_self\">                        <img loading=\"lazy\" decoding=\"async\" src=\"http:\/\/www.portalcme.recife.pe.gov.br\/wp-content\/uploads\/WhatsApp-Image-2025-11-13-at-09.53.20-3.jpeg\"\r\n                             class=\"rt-img-responsive\"\r\n                             width=\"418\"\r\n                             height=\"505\"\r\n                             alt=\"Nova presid\u00eancia do CME\">\r\n\t\t\t\t\t\t\r\n\t\t\t\t\t\t\t\r\n\t\t<\/a>\r\n\t\t        <div class=\"overlay grid-hover-content\"><\/div>\r\n\t\t\t\t\t\t<\/div>\r\n\t\t\t\r\n\t\t\t<div class=\"grid-hover-content\">\r\n\t\t\t\t<div class=\"entry-title-wrapper\"><h3 class=\"entry-title\"><a data-id=\"2631\" href=\"http:\/\/www.portalcme.recife.pe.gov.br\/?p=2631\" class=\"tpg-post-link\" target=\"_self\">Nova presid\u00eancia do CME<\/a><\/h3><\/div>\r\n\t\t\t\t\r\n\t\t\t\t\r\n\t\t\t\t\t\t\t<\/div>\r\n\t\t<\/div>\r\n\t<\/div>\r\n<\/div>\r\n\r\n<div class=\"rt-col-md-3 rt-col-sm-6 rt-col-xs-12 default rt-grid-hover-item rt-grid-item\" data-id=\"2316\">\r\n\t<div class=\"rt-holder tpg-post-holder\">\r\n\t\t<div class=\"rt-detail rt-el-content-wrapper\">\r\n\t\t\t\t\t\t\t<div class=\"rt-img-holder tpg-el-image-wrap has-thumbnail\">\r\n\t\t\t\t\t<a data-id=\"2316\" href=\"http:\/\/www.portalcme.recife.pe.gov.br\/?p=2316\" class=\"tpg-post-link\" target=\"_self\">                        <img loading=\"lazy\" decoding=\"async\" src=\"http:\/\/www.portalcme.recife.pe.gov.br\/wp-content\/uploads\/WhatsApp-Image-2025-06-02-at-11.15.49-1-768x576.jpeg\"\r\n                             class=\"rt-img-responsive\"\r\n                             width=\"768\"\r\n                             height=\"576\"\r\n                             alt=\"Momento formativo CME: an\u00e1lise e constru\u00e7\u00e3o de Parecer de Credenciamento\">\r\n\t\t\t\t\t\t\r\n\t\t\t\t\t\t\t\r\n\t\t<\/a>\r\n\t\t        <div class=\"overlay grid-hover-content\"><\/div>\r\n\t\t\t\t\t\t<\/div>\r\n\t\t\t\r\n\t\t\t<div class=\"grid-hover-content\">\r\n\t\t\t\t<div class=\"entry-title-wrapper\"><h3 class=\"entry-title\"><a data-id=\"2316\" href=\"http:\/\/www.portalcme.recife.pe.gov.br\/?p=2316\" class=\"tpg-post-link\" target=\"_self\">Momento formativo CME: an\u00e1lise e constru\u00e7\u00e3o de Parecer de Credenciamento<\/a><\/h3><\/div>\r\n\t\t\t\t\r\n\t\t\t\t\r\n\t\t\t\t\t\t\t<\/div>\r\n\t\t<\/div>\r\n\t<\/div>\r\n<\/div>\r\n\r\n<div class=\"rt-col-md-3 rt-col-sm-6 rt-col-xs-12 default rt-grid-hover-item rt-grid-item\" data-id=\"2303\">\r\n\t<div class=\"rt-holder tpg-post-holder\">\r\n\t\t<div class=\"rt-detail rt-el-content-wrapper\">\r\n\t\t\t\t\t\t\t<div class=\"rt-img-holder tpg-el-image-wrap has-thumbnail\">\r\n\t\t\t\t\t<a data-id=\"2303\" href=\"http:\/\/www.portalcme.recife.pe.gov.br\/?p=2303\" class=\"tpg-post-link\" target=\"_self\">                        <img loading=\"lazy\" decoding=\"async\" src=\"http:\/\/www.portalcme.recife.pe.gov.br\/wp-content\/uploads\/WhatsApp-Image-2025-05-29-at-16.19.42-1-768x813.jpeg\"\r\n                             class=\"rt-img-responsive\"\r\n                             width=\"768\"\r\n                             height=\"813\"\r\n                             alt=\"Evento sobre Par\u00e2metros Nacionais de Qualidade e Equidade para Educa\u00e7\u00e3o Infantil\">\r\n\t\t\t\t\t\t\r\n\t\t\t\t\t\t\t\r\n\t\t<\/a>\r\n\t\t        <div class=\"overlay grid-hover-content\"><\/div>\r\n\t\t\t\t\t\t<\/div>\r\n\t\t\t\r\n\t\t\t<div class=\"grid-hover-content\">\r\n\t\t\t\t<div class=\"entry-title-wrapper\"><h3 class=\"entry-title\"><a data-id=\"2303\" href=\"http:\/\/www.portalcme.recife.pe.gov.br\/?p=2303\" class=\"tpg-post-link\" target=\"_self\">Evento sobre Par\u00e2metros Nacionais de Qualidade e Equidade para Educa\u00e7\u00e3o Infantil<\/a><\/h3><\/div>\r\n\t\t\t\t\r\n\t\t\t\t\r\n\t\t\t\t\t\t\t<\/div>\r\n\t\t<\/div>\r\n\t<\/div>\r\n<\/div>\r\n\r\n<div class=\"rt-col-md-3 rt-col-sm-6 rt-col-xs-12 default rt-grid-hover-item rt-grid-item\" data-id=\"2293\">\r\n\t<div class=\"rt-holder tpg-post-holder\">\r\n\t\t<div class=\"rt-detail rt-el-content-wrapper\">\r\n\t\t\t\t\t\t\t<div class=\"rt-img-holder tpg-el-image-wrap has-thumbnail\">\r\n\t\t\t\t\t<a data-id=\"2293\" href=\"http:\/\/www.portalcme.recife.pe.gov.br\/?p=2293\" class=\"tpg-post-link\" target=\"_self\">                        <img loading=\"lazy\" decoding=\"async\" src=\"http:\/\/www.portalcme.recife.pe.gov.br\/wp-content\/uploads\/PREMIO-768x566.jpeg\"\r\n                             class=\"rt-img-responsive\"\r\n                             width=\"768\"\r\n                             height=\"566\"\r\n                             alt=\"Pr\u00eamio Artes e Saberes &#8211; homenagem aos educadores e \u00edcones da cultura pernambucana\">\r\n\t\t\t\t\t\t\r\n\t\t\t\t\t\t\t\r\n\t\t<\/a>\r\n\t\t        <div class=\"overlay grid-hover-content\"><\/div>\r\n\t\t\t\t\t\t<\/div>\r\n\t\t\t\r\n\t\t\t<div class=\"grid-hover-content\">\r\n\t\t\t\t<div class=\"entry-title-wrapper\"><h3 class=\"entry-title\"><a data-id=\"2293\" href=\"http:\/\/www.portalcme.recife.pe.gov.br\/?p=2293\" class=\"tpg-post-link\" target=\"_self\">Pr\u00eamio Artes e Saberes &#8211; homenagem aos educadores e \u00edcones da cultura pernambucana<\/a><\/h3><\/div>\r\n\t\t\t\t\r\n\t\t\t\t\r\n\t\t\t\t\t\t\t<\/div>\r\n\t\t<\/div>\r\n\t<\/div>\r\n<\/div>\r\n\r\n<div class=\"rt-col-md-3 rt-col-sm-6 rt-col-xs-12 default rt-grid-hover-item rt-grid-item\" data-id=\"2283\">\r\n\t<div class=\"rt-holder tpg-post-holder\">\r\n\t\t<div class=\"rt-detail rt-el-content-wrapper\">\r\n\t\t\t\t\t\t\t<div class=\"rt-img-holder tpg-el-image-wrap has-thumbnail\">\r\n\t\t\t\t\t<a data-id=\"2283\" href=\"http:\/\/www.portalcme.recife.pe.gov.br\/?p=2283\" class=\"tpg-post-link\" target=\"_self\">                        <img loading=\"lazy\" decoding=\"async\" src=\"http:\/\/www.portalcme.recife.pe.gov.br\/wp-content\/uploads\/WhatsApp-Image-2025-03-25-at-12.53.17-1-768x1366.jpeg\"\r\n                             class=\"rt-img-responsive\"\r\n                             width=\"768\"\r\n                             height=\"1366\"\r\n                             alt=\"MILTON HERRERA &#8211; LUTO\">\r\n\t\t\t\t\t\t\r\n\t\t\t\t\t\t\t\r\n\t\t<\/a>\r\n\t\t        <div class=\"overlay grid-hover-content\"><\/div>\r\n\t\t\t\t\t\t<\/div>\r\n\t\t\t\r\n\t\t\t<div class=\"grid-hover-content\">\r\n\t\t\t\t<div class=\"entry-title-wrapper\"><h3 class=\"entry-title\"><a data-id=\"2283\" href=\"http:\/\/www.portalcme.recife.pe.gov.br\/?p=2283\" class=\"tpg-post-link\" target=\"_self\">MILTON HERRERA &#8211; LUTO<\/a><\/h3><\/div>\r\n\t\t\t\t\r\n\t\t\t\t\r\n\t\t\t\t\t\t\t<\/div>\r\n\t\t<\/div>\r\n\t<\/div>\r\n<\/div>\r\n\r\n<div class=\"rt-col-md-3 rt-col-sm-6 rt-col-xs-12 default rt-grid-hover-item rt-grid-item\" data-id=\"2257\">\r\n\t<div class=\"rt-holder tpg-post-holder\">\r\n\t\t<div class=\"rt-detail rt-el-content-wrapper\">\r\n\t\t\t\t\t\t\t<div class=\"rt-img-holder tpg-el-image-wrap has-thumbnail\">\r\n\t\t\t\t\t<a data-id=\"2257\" href=\"http:\/\/www.portalcme.recife.pe.gov.br\/?p=2257\" class=\"tpg-post-link\" target=\"_self\">                        <img loading=\"lazy\" decoding=\"async\" src=\"http:\/\/www.portalcme.recife.pe.gov.br\/wp-content\/uploads\/WhatsApp-Image-2024-12-12-at-16.38.32-4-768x576.jpeg\"\r\n                             class=\"rt-img-responsive\"\r\n                             width=\"768\"\r\n                             height=\"576\"\r\n                             alt=\"ABERTURA DO EVENTO\">\r\n\t\t\t\t\t\t\r\n\t\t\t\t\t\t\t\r\n\t\t<\/a>\r\n\t\t        <div class=\"overlay grid-hover-content\"><\/div>\r\n\t\t\t\t\t\t<\/div>\r\n\t\t\t\r\n\t\t\t<div class=\"grid-hover-content\">\r\n\t\t\t\t<div class=\"entry-title-wrapper\"><h3 class=\"entry-title\"><a data-id=\"2257\" href=\"http:\/\/www.portalcme.recife.pe.gov.br\/?p=2257\" class=\"tpg-post-link\" target=\"_self\">I ENCONTRO DE FORMA\u00c7\u00c3O DOS CONSELHEIROS MUNICIPAIS DA EDUCA\u00c7\u00c3O<\/a><\/h3><\/div>\r\n\t\t\t\t\r\n\t\t\t\t\r\n\t\t\t\t\t\t\t<\/div>\r\n\t\t<\/div>\r\n\t<\/div>\r\n<\/div>\r\n\r\n<div class=\"rt-col-md-3 rt-col-sm-6 rt-col-xs-12 default rt-grid-hover-item rt-grid-item\" data-id=\"2164\">\r\n\t<div class=\"rt-holder tpg-post-holder\">\r\n\t\t<div class=\"rt-detail rt-el-content-wrapper\">\r\n\t\t\t\t\t\t\t<div class=\"rt-img-holder tpg-el-image-wrap has-thumbnail\">\r\n\t\t\t\t\t<a data-id=\"2164\" href=\"http:\/\/www.portalcme.recife.pe.gov.br\/?p=2164\" class=\"tpg-post-link\" target=\"_self\">                        <img loading=\"lazy\" decoding=\"async\" src=\"http:\/\/www.portalcme.recife.pe.gov.br\/wp-content\/uploads\/WhatsApp-Image-2024-10-24-at-13.54.51-768x710.jpeg\"\r\n                             class=\"rt-img-responsive\"\r\n                             width=\"768\"\r\n                             height=\"710\"\r\n                             alt=\"CONSELHEIROS DO CME ATUANTES E COMPETENTES\">\r\n\t\t\t\t\t\t\r\n\t\t\t\t\t\t\t\r\n\t\t<\/a>\r\n\t\t        <div class=\"overlay grid-hover-content\"><\/div>\r\n\t\t\t\t\t\t<\/div>\r\n\t\t\t\r\n\t\t\t<div class=\"grid-hover-content\">\r\n\t\t\t\t<div class=\"entry-title-wrapper\"><h3 class=\"entry-title\"><a data-id=\"2164\" href=\"http:\/\/www.portalcme.recife.pe.gov.br\/?p=2164\" class=\"tpg-post-link\" target=\"_self\">CONSELHEIROS DO CME ATUANTES E COMPETENTES<\/a><\/h3><\/div>\r\n\t\t\t\t\r\n\t\t\t\t\r\n\t\t\t\t\t\t\t<\/div>\r\n\t\t<\/div>\r\n\t<\/div>\r\n<\/div>\r\n\r\n<div class=\"rt-col-md-3 rt-col-sm-6 rt-col-xs-12 default rt-grid-hover-item rt-grid-item\" data-id=\"2161\">\r\n\t<div class=\"rt-holder tpg-post-holder\">\r\n\t\t<div class=\"rt-detail rt-el-content-wrapper\">\r\n\t\t\t\t\t\t\t<div class=\"rt-img-holder tpg-el-image-wrap has-thumbnail\">\r\n\t\t\t\t\t<a data-id=\"2161\" href=\"http:\/\/www.portalcme.recife.pe.gov.br\/?p=2161\" class=\"tpg-post-link\" target=\"_self\">                        <img loading=\"lazy\" decoding=\"async\" src=\"http:\/\/www.portalcme.recife.pe.gov.br\/wp-content\/uploads\/WhatsApp-Image-2024-10-24-at-15.17.22-768x576.jpeg\"\r\n                             class=\"rt-img-responsive\"\r\n                             width=\"768\"\r\n                             height=\"576\"\r\n                             alt=\"CONSELHO MUNICIPAL DE EDUCA\u00c7\u00c3O E O PROMOTOR DE JUSTI\u00c7A REUNIRAM-SE NO DIA 02 DE OUTUBRO DE 2024\">\r\n\t\t\t\t\t\t\r\n\t\t\t\t\t\t\t\r\n\t\t<\/a>\r\n\t\t        <div class=\"overlay grid-hover-content\"><\/div>\r\n\t\t\t\t\t\t<\/div>\r\n\t\t\t\r\n\t\t\t<div class=\"grid-hover-content\">\r\n\t\t\t\t<div class=\"entry-title-wrapper\"><h3 class=\"entry-title\"><a data-id=\"2161\" href=\"http:\/\/www.portalcme.recife.pe.gov.br\/?p=2161\" class=\"tpg-post-link\" target=\"_self\">CONSELHO MUNICIPAL DE EDUCA\u00c7\u00c3O E O PROMOTOR DE JUSTI\u00c7A REUNIRAM-SE NO DIA 02 DE OUTUBRO DE 2024<\/a><\/h3><\/div>\r\n\t\t\t\t\r\n\t\t\t\t\r\n\t\t\t\t\t\t\t<\/div>\r\n\t\t<\/div>\r\n\t<\/div>\r\n<\/div>\r\n\r\n<div class=\"rt-col-md-3 rt-col-sm-6 rt-col-xs-12 default rt-grid-hover-item rt-grid-item\" data-id=\"2151\">\r\n\t<div class=\"rt-holder tpg-post-holder\">\r\n\t\t<div class=\"rt-detail rt-el-content-wrapper\">\r\n\t\t\t\t\t\t\t<div class=\"rt-img-holder tpg-el-image-wrap has-no-thumbnail\">\r\n\t\t\t\t\t<a data-id=\"2151\" href=\"http:\/\/www.portalcme.recife.pe.gov.br\/?p=2151\" class=\"tpg-post-link\" target=\"_self\">\t\t\r\n\t\t<\/a>\r\n\t\t        <div class=\"overlay grid-hover-content\"><\/div>\r\n\t\t\t\t\t\t<\/div>\r\n\t\t\t\r\n\t\t\t<div class=\"grid-hover-content\">\r\n\t\t\t\t<div class=\"entry-title-wrapper\"><h3 class=\"entry-title\"><a data-id=\"2151\" href=\"http:\/\/www.portalcme.recife.pe.gov.br\/?p=2151\" class=\"tpg-post-link\" target=\"_self\">PREPARATIVOS PARA O I ENCONTRO DE FORMA\u00c7\u00c3O DOS CONSELHOS MUNICIPAIS DA EDUCA\u00c7\u00c3O<\/a><\/h3><\/div>\r\n\t\t\t\t\r\n\t\t\t\t\r\n\t\t\t\t\t\t\t<\/div>\r\n\t\t<\/div>\r\n\t<\/div>\r\n<\/div>\r\n\r\n<div class=\"rt-col-md-3 rt-col-sm-6 rt-col-xs-12 default rt-grid-hover-item rt-grid-item\" data-id=\"2145\">\r\n\t<div class=\"rt-holder tpg-post-holder\">\r\n\t\t<div class=\"rt-detail rt-el-content-wrapper\">\r\n\t\t\t\t\t\t\t<div class=\"rt-img-holder tpg-el-image-wrap has-thumbnail\">\r\n\t\t\t\t\t<a data-id=\"2145\" href=\"http:\/\/www.portalcme.recife.pe.gov.br\/?p=2145\" class=\"tpg-post-link\" target=\"_self\">                        <img loading=\"lazy\" decoding=\"async\" src=\"http:\/\/www.portalcme.recife.pe.gov.br\/wp-content\/uploads\/foto_01-1-768x1086.png\"\r\n                             class=\"rt-img-responsive\"\r\n                             width=\"768\"\r\n                             height=\"1086\"\r\n                             alt=\"NESTE DIA T\u00c3O ESPECIAL HOMENAGEAMOS A VOC\u00ca, QUE FAZ A DIFEREN\u00c7A NA VIDA DE TANTOS EDUCANDOS.\">\r\n\t\t\t\t\t\t\r\n\t\t\t\t\t\t\t\r\n\t\t<\/a>\r\n\t\t        <div class=\"overlay grid-hover-content\"><\/div>\r\n\t\t\t\t\t\t<\/div>\r\n\t\t\t\r\n\t\t\t<div class=\"grid-hover-content\">\r\n\t\t\t\t<div class=\"entry-title-wrapper\"><h3 class=\"entry-title\"><a data-id=\"2145\" href=\"http:\/\/www.portalcme.recife.pe.gov.br\/?p=2145\" class=\"tpg-post-link\" target=\"_self\">NESTE DIA T\u00c3O ESPECIAL HOMENAGEAMOS A VOC\u00ca, QUE FAZ A DIFEREN\u00c7A NA VIDA DE TANTOS EDUCANDOS.<\/a><\/h3><\/div>\r\n\t\t\t\t\r\n\t\t\t\t\r\n\t\t\t\t\t\t\t<\/div>\r\n\t\t<\/div>\r\n\t<\/div>\r\n<\/div>\r\n\r\n<div class=\"rt-col-md-3 rt-col-sm-6 rt-col-xs-12 default rt-grid-hover-item rt-grid-item\" data-id=\"1832\">\r\n\t<div class=\"rt-holder tpg-post-holder\">\r\n\t\t<div class=\"rt-detail rt-el-content-wrapper\">\r\n\t\t\t\t\t\t\t<div class=\"rt-img-holder tpg-el-image-wrap has-no-thumbnail\">\r\n\t\t\t\t\t<a data-id=\"1832\" href=\"http:\/\/www.portalcme.recife.pe.gov.br\/?p=1832\" class=\"tpg-post-link\" target=\"_self\">\t\t\r\n\t\t<\/a>\r\n\t\t        <div class=\"overlay grid-hover-content\"><\/div>\r\n\t\t\t\t\t\t<\/div>\r\n\t\t\t\r\n\t\t\t<div class=\"grid-hover-content\">\r\n\t\t\t\t<div class=\"entry-title-wrapper\"><h3 class=\"entry-title\"><a data-id=\"1832\" href=\"http:\/\/www.portalcme.recife.pe.gov.br\/?p=1832\" class=\"tpg-post-link\" target=\"_self\">XV Encontro Estadual dos Conselhos Municipais da Educa\u00e7\u00e3o &#8211; ENCONTRO ESTADUAL VIRTUAL UNCME PE 2024 &#8211; &#8220;Desafios, Fortalecimento e Atua\u00e7\u00e3o Frente ao Controle Social\u201d, 17 e 18 de Julho, via Plataforma Google Meet.<\/a><\/h3><\/div>\r\n\t\t\t\t\r\n\t\t\t\t\r\n\t\t\t\t\t\t\t<\/div>\r\n\t\t<\/div>\r\n\t<\/div>\r\n<\/div>\r\n\r\n<div class=\"rt-col-md-3 rt-col-sm-6 rt-col-xs-12 default rt-grid-hover-item rt-grid-item\" data-id=\"1725\">\r\n\t<div class=\"rt-holder tpg-post-holder\">\r\n\t\t<div class=\"rt-detail rt-el-content-wrapper\">\r\n\t\t\t\t\t\t\t<div class=\"rt-img-holder tpg-el-image-wrap has-no-thumbnail\">\r\n\t\t\t\t\t<a data-id=\"1725\" href=\"http:\/\/www.portalcme.recife.pe.gov.br\/?p=1725\" class=\"tpg-post-link\" target=\"_self\">\t\t\r\n\t\t<\/a>\r\n\t\t        <div class=\"overlay grid-hover-content\"><\/div>\r\n\t\t\t\t\t\t<\/div>\r\n\t\t\t\r\n\t\t\t<div class=\"grid-hover-content\">\r\n\t\t\t\t<div class=\"entry-title-wrapper\"><h3 class=\"entry-title\"><a data-id=\"1725\" href=\"http:\/\/www.portalcme.recife.pe.gov.br\/?p=1725\" class=\"tpg-post-link\" target=\"_self\">O Conselho Municipal de Educa\u00e7\u00e3o do Recife, homenageia a todos os trabalhadores (as).<\/a><\/h3><\/div>\r\n\t\t\t\t\r\n\t\t\t\t\r\n\t\t\t\t\t\t\t<\/div>\r\n\t\t<\/div>\r\n\t<\/div>\r\n<\/div>\r\n\t\t\t<\/div>\r\n\r\n\t\t\t<div class='rt-pagination-wrap' data-total-pages='4' data-posts-per-page='12' data-type='pagination'><div class=\"rt-pagination\"><ul class=\"pagination-list\"><li class=\"active\"><span>1<\/span><\/li><li><a data-paged='2' href='http:\/\/www.portalcme.recife.pe.gov.br\/index.php?rest_route=%2Fwp%2Fv2%2Fpages%2F25&#038;paged=2'>2<\/a><\/li><li><a data-paged='3' href='http:\/\/www.portalcme.recife.pe.gov.br\/index.php?rest_route=%2Fwp%2Fv2%2Fpages%2F25&#038;paged=3'>3<\/a><\/li><li><a data-paged='4' href='http:\/\/www.portalcme.recife.pe.gov.br\/index.php?rest_route=%2Fwp%2Fv2%2Fpages%2F25&#038;paged=4'>4<\/a><\/li><\/ul><\/div><\/div>\t\t<\/div>\r\n\t\t\t\t<\/div>\n\t\t\t\t<\/div>\n\t\t\t\t\t<\/div>\n\t\t<\/div>\n\t\t\t\t\t\t\t<\/div>\n\t\t<\/section>\n\t\t\t\t\t\t\t<\/div>\n\t\t","protected":false},"excerpt":{"rendered":"<p>FOTOS Encerramento do evento pelo Prof. Francisco Luiz- Presidente do CME REUNI\u00c3O PLEN\u00c1RIA Presidente do CME Francisco Luiz e a Ex-presidente do CME Vereadora Ana L\u00facia Equipe de t\u00e9cnicos do CME e da DETEC sob a orienta\u00e7\u00e3o de Kaue Moreira em momento de constru\u00e7\u00e3o do novo Portal do CME Equipe de tecnicos da Comiss\u00e3o de [&hellip;]<\/p>\n","protected":false},"author":2,"featured_media":0,"parent":0,"menu_order":0,"comment_status":"closed","ping_status":"closed","template":"","meta":{"site-sidebar-layout":"no-sidebar","site-content-layout":"page-builder","ast-site-content-layout":"default","site-content-style":"default","site-sidebar-style":"default","ast-global-header-display":"","ast-banner-title-visibility":"","ast-main-header-display":"","ast-hfb-above-header-display":"","ast-hfb-below-header-display":"","ast-hfb-mobile-header-display":"","site-post-title":"disabled","ast-breadcrumbs-content":"","ast-featured-img":"disabled","footer-sml-layout":"","ast-disable-related-posts":"","theme-transparent-header-meta":"","adv-header-id-meta":"","stick-header-meta":"","header-above-stick-meta":"","header-main-stick-meta":"","header-below-stick-meta":"","astra-migrate-meta-layouts":"default","ast-page-background-enabled":"default","ast-page-background-meta":{"desktop":{"background-color":"var(--ast-global-color-4)","background-image":"","background-repeat":"repeat","background-position":"center center","background-size":"auto","background-attachment":"scroll","background-type":"","background-media":"","overlay-type":"","overlay-color":"","overlay-opacity":"","overlay-gradient":""},"tablet":{"background-color":"","background-image":"","background-repeat":"repeat","background-position":"center center","background-size":"auto","background-attachment":"scroll","background-type":"","background-media":"","overlay-type":"","overlay-color":"","overlay-opacity":"","overlay-gradient":""},"mobile":{"background-color":"","background-image":"","background-repeat":"repeat","background-position":"center center","background-size":"auto","background-attachment":"scroll","background-type":"","background-media":"","overlay-type":"","overlay-color":"","overlay-opacity":"","overlay-gradient":""}},"ast-content-background-meta":{"desktop":{"background-color":"var(--ast-global-color-5)","background-image":"","background-repeat":"repeat","background-position":"center center","background-size":"auto","background-attachment":"scroll","background-type":"","background-media":"","overlay-type":"","overlay-color":"","overlay-opacity":"","overlay-gradient":""},"tablet":{"background-color":"var(--ast-global-color-5)","background-image":"","background-repeat":"repeat","background-position":"center center","background-size":"auto","background-attachment":"scroll","background-type":"","background-media":"","overlay-type":"","overlay-color":"","overlay-opacity":"","overlay-gradient":""},"mobile":{"background-color":"var(--ast-global-color-5)","background-image":"","background-repeat":"repeat","background-position":"center center","background-size":"auto","background-attachment":"scroll","background-type":"","background-media":"","overlay-type":"","overlay-color":"","overlay-opacity":"","overlay-gradient":""}},"footnotes":""},"class_list":["post-25","page","type-page","status-publish","hentry"],"rttpg_featured_image_url":null,"rttpg_author":{"display_name":"David Tavares Fernandes da Silva","author_link":"http:\/\/www.portalcme.recife.pe.gov.br\/?author=2"},"rttpg_comment":0,"rttpg_category":"","rttpg_excerpt":"FOTOS Encerramento do evento pelo Prof. Francisco Luiz- Presidente do CME REUNI\u00c3O PLEN\u00c1RIA Presidente do CME Francisco Luiz e a Ex-presidente do CME Vereadora Ana L\u00facia Equipe de t\u00e9cnicos do CME e da DETEC sob a orienta\u00e7\u00e3o de Kaue Moreira em momento de constru\u00e7\u00e3o do novo Portal do CME Equipe de tecnicos da Comiss\u00e3o de&hellip;","_links":{"self":[{"href":"http:\/\/www.portalcme.recife.pe.gov.br\/index.php?rest_route=\/wp\/v2\/pages\/25","targetHints":{"allow":["GET"]}}],"collection":[{"href":"http:\/\/www.portalcme.recife.pe.gov.br\/index.php?rest_route=\/wp\/v2\/pages"}],"about":[{"href":"http:\/\/www.portalcme.recife.pe.gov.br\/index.php?rest_route=\/wp\/v2\/types\/page"}],"author":[{"embeddable":true,"href":"http:\/\/www.portalcme.recife.pe.gov.br\/index.php?rest_route=\/wp\/v2\/users\/2"}],"replies":[{"embeddable":true,"href":"http:\/\/www.portalcme.recife.pe.gov.br\/index.php?rest_route=%2Fwp%2Fv2%2Fcomments&post=25"}],"version-history":[{"count":49,"href":"http:\/\/www.portalcme.recife.pe.gov.br\/index.php?rest_route=\/wp\/v2\/pages\/25\/revisions"}],"predecessor-version":[{"id":533,"href":"http:\/\/www.portalcme.recife.pe.gov.br\/index.php?rest_route=\/wp\/v2\/pages\/25\/revisions\/533"}],"wp:attachment":[{"href":"http:\/\/www.portalcme.recife.pe.gov.br\/index.php?rest_route=%2Fwp%2Fv2%2Fmedia&parent=25"}],"curies":[{"name":"wp","href":"https:\/\/api.w.org\/{rel}","templated":true}]}}