{"id":31,"date":"2022-12-02T10:31:16","date_gmt":"2022-12-02T13:31:16","guid":{"rendered":"http:\/\/www.portalcme.recife.pe.gov.br\/?page_id=31"},"modified":"2024-08-21T13:51:55","modified_gmt":"2024-08-21T16:51:55","slug":"legislacao","status":"publish","type":"page","link":"http:\/\/www.portalcme.recife.pe.gov.br\/?page_id=31","title":{"rendered":"LEGISLA\u00c7\u00d5ES E LEIS"},"content":{"rendered":"\t\t<div data-elementor-type=\"wp-page\" data-elementor-id=\"31\" class=\"elementor elementor-31\">\n\t\t\t\t\t\t\t\t\t<section class=\"elementor-section elementor-top-section elementor-element elementor-element-1009bca elementor-section-boxed elementor-section-height-default elementor-section-height-default\" data-id=\"1009bca\" data-element_type=\"section\">\n\t\t\t\t\t\t<div class=\"elementor-container elementor-column-gap-default\">\n\t\t\t\t\t<div class=\"elementor-column elementor-col-100 elementor-top-column elementor-element elementor-element-2386540\" data-id=\"2386540\" data-element_type=\"column\">\n\t\t\t<div class=\"elementor-widget-wrap elementor-element-populated\">\n\t\t\t\t\t\t\t\t<div class=\"elementor-element elementor-element-8a4853f elementor-widget elementor-widget-heading\" data-id=\"8a4853f\" data-element_type=\"widget\" data-widget_type=\"heading.default\">\n\t\t\t\t<div class=\"elementor-widget-container\">\n\t\t\t<style>\/*! elementor - v3.8.1 - 13-11-2022 *\/\n.elementor-heading-title{padding:0;margin:0;line-height:1}.elementor-widget-heading .elementor-heading-title[class*=elementor-size-]>a{color:inherit;font-size:inherit;line-height:inherit}.elementor-widget-heading .elementor-heading-title.elementor-size-small{font-size:15px}.elementor-widget-heading .elementor-heading-title.elementor-size-medium{font-size:19px}.elementor-widget-heading .elementor-heading-title.elementor-size-large{font-size:29px}.elementor-widget-heading .elementor-heading-title.elementor-size-xl{font-size:39px}.elementor-widget-heading .elementor-heading-title.elementor-size-xxl{font-size:59px}<\/style><h2 class=\"elementor-heading-title elementor-size-default\">LEGISLA\u00c7\u00d5ES SOBRE EDUCA\u00c7\u00c3O<\/h2>\t\t<\/div>\n\t\t\t\t<\/div>\n\t\t\t\t<div class=\"elementor-element elementor-element-8c2c4f5 tpg-wrapper-align-left title-one-line title-alignment-left title_position_default title_hover_border_default readmore-btn-default-style tpg-el-box-border-enable elementor-widget elementor-widget-tpg-list-layout\" data-id=\"8c2c4f5\" data-element_type=\"widget\" data-widget_type=\"tpg-list-layout.default\">\n\t\t\t\t<div class=\"elementor-widget-container\">\n\t\t\t\t\r\n\t\t<div class=\"rt-container-fluid rt-tpg-container tpg-el-main-wrapper list-layout1-main\"\r\n\t\t\tdata-sc-id=\"elementor\"\r\n\t\t\tid=\"rt-tpg-container-2315025194\"\r\n\t\t\tdata-layout=\"list-layout1\"\r\n\t\t\tdata-grid-style=\"tpg-even\"\r\n\t\t\tdata-el-settings=''\r\n\t\t\tdata-el-query=''\r\n\t\t\tdata-el-path=''\r\n\t\t>\r\n\t\t\t<div class='tpg-header-wrapper '><\/div>\r\n\t\t\t<div data-title=\"Loading ...\" class=\"rt-row rt-content-loader list-layout1 tpg-even list-behaviour list-layout-wrapper\">\r\n\t\t\t\t\r\n<div class=\"rt-col-md-12 rt-col-sm-12 rt-col-xs-12 default rt-list-item rt-grid-item\" data-id=\"2088\">\r\n\t<div class=\"rt-holder tpg-post-holder\">\r\n\t\t<div class=\"rt-detail rt-el-content-wrapper\">\r\n\t\t\t\r\n\t\t\t<div class=\"post-right-content\">\r\n\t\t\t\t<div class=\"entry-title-wrapper\"><h3 class=\"entry-title\"><a data-id=\"2088\" href=\"http:\/\/www.portalcme.recife.pe.gov.br\/?p=2088\" class=\"tpg-post-link\" target=\"_self\">Lei 9.870\/99 \u2013 Disp\u00f5e sobre o Valor Total das Anuidades Escolares e d\u00e1 Outras Provid\u00eancias<\/a><\/h3><\/div>\r\n\t\t\t\t\r\n\t\t\t\t\t\t\t\t\t<div class=\"tpg-excerpt tpg-el-excerpt\">\r\n\t\t\t\t\t\t\t\t\t\t\t\t\t<div class=\"tpg-excerpt-inner\">\r\n\t\t\t\t\t\t\t\tDeixe um coment\u00e1rio&nbsp;\/&nbsp;Ednilsa&nbsp;\/ Por&nbsp;Ednilsa Santos Link ...\t\t\t\t\t\t\t<\/div>\r\n\t\t\t\t\t\t\t\t\t\t\t\t\t\t\t\t\t<\/div>\r\n\t\t\t\t\r\n\t\t\t\t        <div class=\"post-footer\">\r\n            <div class=\"read-more\">\r\n\t\t\t\t<a data-id=\"2088\" href=\"http:\/\/www.portalcme.recife.pe.gov.br\/?p=2088\" class=\"tpg-post-link\" target=\"_self\">Ver Mais<\/a>            <\/div>\r\n        <\/div>\r\n\t\t\t\t\t<\/div>\r\n\t\t<\/div>\r\n\t<\/div>\r\n<\/div>\r\n\r\n<div class=\"rt-col-md-12 rt-col-sm-12 rt-col-xs-12 default rt-list-item rt-grid-item\" data-id=\"2086\">\r\n\t<div class=\"rt-holder tpg-post-holder\">\r\n\t\t<div class=\"rt-detail rt-el-content-wrapper\">\r\n\t\t\t\r\n\t\t\t<div class=\"post-right-content\">\r\n\t\t\t\t<div class=\"entry-title-wrapper\"><h3 class=\"entry-title\"><a data-id=\"2086\" href=\"http:\/\/www.portalcme.recife.pe.gov.br\/?p=2086\" class=\"tpg-post-link\" target=\"_self\">LEI N\u00ba 14.880, DE 4 DE JUNHO DE 2024 \u2013 EMENTA:\u00a0Altera a Lei n\u00ba 13.257, de 8 de Mar\u00e7o de 2016 (Marco Legal da Primeira Inf\u00e2ncia), para instituir a Pol\u00edtica Nacional de Atendimento Educacional Especializado a Crian\u00e7as de Zero a Tr\u00eas Anos (Aten\u00e7\u00e3o Precoce) e para determinar prioridade de atendimento em programas de visitas domiciliares a crian\u00e7as da educa\u00e7\u00e3o infantil apoiadas pela educa\u00e7\u00e3o especial e a crian\u00e7as da educa\u00e7\u00e3o infantil com sinais de alerta para o desenvolvimento, nos termos que especifica.<\/a><\/h3><\/div>\r\n\t\t\t\t\r\n\t\t\t\t\t\t\t\t\t<div class=\"tpg-excerpt tpg-el-excerpt\">\r\n\t\t\t\t\t\t\t\t\t\t\t\t\t<div class=\"tpg-excerpt-inner\">\r\n\t\t\t\t\t\t\t\tO PRESIDENTE DA REP\u00daBLICA&nbsp;&nbsp;&nbsp;&nbsp; Fa\u00e7o saber que o Congresso Nacional decreta e eu  ...\t\t\t\t\t\t\t<\/div>\r\n\t\t\t\t\t\t\t\t\t\t\t\t\t\t\t\t\t<\/div>\r\n\t\t\t\t\r\n\t\t\t\t        <div class=\"post-footer\">\r\n            <div class=\"read-more\">\r\n\t\t\t\t<a data-id=\"2086\" href=\"http:\/\/www.portalcme.recife.pe.gov.br\/?p=2086\" class=\"tpg-post-link\" target=\"_self\">Ver Mais<\/a>            <\/div>\r\n        <\/div>\r\n\t\t\t\t\t<\/div>\r\n\t\t<\/div>\r\n\t<\/div>\r\n<\/div>\r\n\r\n<div class=\"rt-col-md-12 rt-col-sm-12 rt-col-xs-12 default rt-list-item rt-grid-item\" data-id=\"2040\">\r\n\t<div class=\"rt-holder tpg-post-holder\">\r\n\t\t<div class=\"rt-detail rt-el-content-wrapper\">\r\n\t\t\t\r\n\t\t\t<div class=\"post-right-content\">\r\n\t\t\t\t<div class=\"entry-title-wrapper\"><h3 class=\"entry-title\"><a data-id=\"2040\" href=\"http:\/\/www.portalcme.recife.pe.gov.br\/?p=2040\" class=\"tpg-post-link\" target=\"_self\">LEI N\u00ba 14.851, DE 3 DE MAIO DE 2024 &#8211; Disp\u00f5e sobre a obrigatoriedade de cria\u00e7\u00e3o de mecanismos de levantamento e de divulga\u00e7\u00e3o da demanda por vagas no atendimento \u00e0 educa\u00e7\u00e3o infantil de crian\u00e7as de 0 (zero) a 3 (tr\u00eas) anos de idade.<\/a><\/h3><\/div>\r\n\t\t\t\t\r\n\t\t\t\t\t\t\t\t\t<div class=\"tpg-excerpt tpg-el-excerpt\">\r\n\t\t\t\t\t\t\t\t\t\t\t\t\t<div class=\"tpg-excerpt-inner\">\r\n\t\t\t\t\t\t\t\tO PRESIDENTE DA REP\u00daBLICA&nbsp;&nbsp;&nbsp;&nbsp; Fa\u00e7o saber que o Congresso Nacional decreta e eu  ...\t\t\t\t\t\t\t<\/div>\r\n\t\t\t\t\t\t\t\t\t\t\t\t\t\t\t\t\t<\/div>\r\n\t\t\t\t\r\n\t\t\t\t        <div class=\"post-footer\">\r\n            <div class=\"read-more\">\r\n\t\t\t\t<a data-id=\"2040\" href=\"http:\/\/www.portalcme.recife.pe.gov.br\/?p=2040\" class=\"tpg-post-link\" target=\"_self\">Ver Mais<\/a>            <\/div>\r\n        <\/div>\r\n\t\t\t\t\t<\/div>\r\n\t\t<\/div>\r\n\t<\/div>\r\n<\/div>\r\n\r\n<div class=\"rt-col-md-12 rt-col-sm-12 rt-col-xs-12 default rt-list-item rt-grid-item\" data-id=\"2036\">\r\n\t<div class=\"rt-holder tpg-post-holder\">\r\n\t\t<div class=\"rt-detail rt-el-content-wrapper\">\r\n\t\t\t\r\n\t\t\t<div class=\"post-right-content\">\r\n\t\t\t\t<div class=\"entry-title-wrapper\"><h3 class=\"entry-title\"><a data-id=\"2036\" href=\"http:\/\/www.portalcme.recife.pe.gov.br\/?p=2036\" class=\"tpg-post-link\" target=\"_self\">LEI N\u00ba 14.886, DE 11 DE JUNHO DE 2024 &#8211; Institui o Programa Nacional de Vacina\u00e7\u00e3o em Escolas P\u00fablicas.<\/a><\/h3><\/div>\r\n\t\t\t\t\r\n\t\t\t\t\t\t\t\t\t<div class=\"tpg-excerpt tpg-el-excerpt\">\r\n\t\t\t\t\t\t\t\t\t\t\t\t\t<div class=\"tpg-excerpt-inner\">\r\n\t\t\t\t\t\t\t\t\u00a0 O PRESIDENTE DA REP\u00daBLICA\u00a0\u00a0\u00a0\u00a0 Fa\u00e7o saber que o Congresso Nacional decreta e eu sanciono a seguinte  ...\t\t\t\t\t\t\t<\/div>\r\n\t\t\t\t\t\t\t\t\t\t\t\t\t\t\t\t\t<\/div>\r\n\t\t\t\t\r\n\t\t\t\t        <div class=\"post-footer\">\r\n            <div class=\"read-more\">\r\n\t\t\t\t<a data-id=\"2036\" href=\"http:\/\/www.portalcme.recife.pe.gov.br\/?p=2036\" class=\"tpg-post-link\" target=\"_self\">Ver Mais<\/a>            <\/div>\r\n        <\/div>\r\n\t\t\t\t\t<\/div>\r\n\t\t<\/div>\r\n\t<\/div>\r\n<\/div>\r\n\r\n<div class=\"rt-col-md-12 rt-col-sm-12 rt-col-xs-12 default rt-list-item rt-grid-item\" data-id=\"2034\">\r\n\t<div class=\"rt-holder tpg-post-holder\">\r\n\t\t<div class=\"rt-detail rt-el-content-wrapper\">\r\n\t\t\t\r\n\t\t\t<div class=\"post-right-content\">\r\n\t\t\t\t<div class=\"entry-title-wrapper\"><h3 class=\"entry-title\"><a data-id=\"2034\" href=\"http:\/\/www.portalcme.recife.pe.gov.br\/?p=2034\" class=\"tpg-post-link\" target=\"_self\">LEI N\u00ba 14.911, DE 3 DE JULHO DE 2024 &#8211; Altera a Lei n\u00ba 14.597, de 14 de Junho de 2023 (Lei Geral do Esporte), para coibir a pr\u00e1tica de intimida\u00e7\u00e3o sistem\u00e1tica (bullying) no esporte<\/a><\/h3><\/div>\r\n\t\t\t\t\r\n\t\t\t\t\t\t\t\t\t<div class=\"tpg-excerpt tpg-el-excerpt\">\r\n\t\t\t\t\t\t\t\t\t\t\t\t\t<div class=\"tpg-excerpt-inner\">\r\n\t\t\t\t\t\t\t\tLEI N\u00ba 14.911, DE 3 DE JULHO DE 2024Altera a Lei n\u00ba 14.597, de 14 de junho de 2023 (Lei Geral do  ...\t\t\t\t\t\t\t<\/div>\r\n\t\t\t\t\t\t\t\t\t\t\t\t\t\t\t\t\t<\/div>\r\n\t\t\t\t\r\n\t\t\t\t        <div class=\"post-footer\">\r\n            <div class=\"read-more\">\r\n\t\t\t\t<a data-id=\"2034\" href=\"http:\/\/www.portalcme.recife.pe.gov.br\/?p=2034\" class=\"tpg-post-link\" target=\"_self\">Ver Mais<\/a>            <\/div>\r\n        <\/div>\r\n\t\t\t\t\t<\/div>\r\n\t\t<\/div>\r\n\t<\/div>\r\n<\/div>\r\n\r\n<div class=\"rt-col-md-12 rt-col-sm-12 rt-col-xs-12 default rt-list-item rt-grid-item\" data-id=\"2032\">\r\n\t<div class=\"rt-holder tpg-post-holder\">\r\n\t\t<div class=\"rt-detail rt-el-content-wrapper\">\r\n\t\t\t\r\n\t\t\t<div class=\"post-right-content\">\r\n\t\t\t\t<div class=\"entry-title-wrapper\"><h3 class=\"entry-title\"><a data-id=\"2032\" href=\"http:\/\/www.portalcme.recife.pe.gov.br\/?p=2032\" class=\"tpg-post-link\" target=\"_self\">LEI N\u00ba 14.914, DE 3 DE JULHO DE 2024 &#8211; EMENTA:\u00a0Institui a Pol\u00edtica Nacional de Assist\u00eancia Estudantil (PNAES).<\/a><\/h3><\/div>\r\n\t\t\t\t\r\n\t\t\t\t\t\t\t\t\t<div class=\"tpg-excerpt tpg-el-excerpt\">\r\n\t\t\t\t\t\t\t\t\t\t\t\t\t<div class=\"tpg-excerpt-inner\">\r\n\t\t\t\t\t\t\t\tLEI N\u00ba 14.914, DE 3 DE JULHO DE 2024 LEI N\u00ba 14.914, DE 3 DE JULHO DE 2024 &nbsp;&nbsp;&nbsp;&nbsp; O  ...\t\t\t\t\t\t\t<\/div>\r\n\t\t\t\t\t\t\t\t\t\t\t\t\t\t\t\t\t<\/div>\r\n\t\t\t\t\r\n\t\t\t\t        <div class=\"post-footer\">\r\n            <div class=\"read-more\">\r\n\t\t\t\t<a data-id=\"2032\" href=\"http:\/\/www.portalcme.recife.pe.gov.br\/?p=2032\" class=\"tpg-post-link\" target=\"_self\">Ver Mais<\/a>            <\/div>\r\n        <\/div>\r\n\t\t\t\t\t<\/div>\r\n\t\t<\/div>\r\n\t<\/div>\r\n<\/div>\r\n\t\t\t<\/div>\r\n\r\n\t\t\t<div class='rt-pagination-wrap' data-total-pages='9' data-posts-per-page='6' data-type='pagination'><div class=\"rt-pagination\"><ul class=\"pagination-list\"><li class=\"active\"><span>1<\/span><\/li><li><a data-paged='2' href='http:\/\/www.portalcme.recife.pe.gov.br\/index.php?rest_route=%2Fwp%2Fv2%2Fpages%2F31&#038;paged=2'>2<\/a><\/li><li><a data-paged='3' href='http:\/\/www.portalcme.recife.pe.gov.br\/index.php?rest_route=%2Fwp%2Fv2%2Fpages%2F31&#038;paged=3'>3<\/a><\/li><li><a data-paged='4' href='http:\/\/www.portalcme.recife.pe.gov.br\/index.php?rest_route=%2Fwp%2Fv2%2Fpages%2F31&#038;paged=4'>4<\/a><\/li><li><a data-paged='5' href='http:\/\/www.portalcme.recife.pe.gov.br\/index.php?rest_route=%2Fwp%2Fv2%2Fpages%2F31&#038;paged=5'>5<\/a><\/li><li><a data-paged='6' href='http:\/\/www.portalcme.recife.pe.gov.br\/index.php?rest_route=%2Fwp%2Fv2%2Fpages%2F31&#038;paged=6'>6<\/a><\/li><li><a data-paged='7' href='http:\/\/www.portalcme.recife.pe.gov.br\/index.php?rest_route=%2Fwp%2Fv2%2Fpages%2F31&#038;paged=7'>7<\/a><\/li><li><a data-paged='8' href='http:\/\/www.portalcme.recife.pe.gov.br\/index.php?rest_route=%2Fwp%2Fv2%2Fpages%2F31&#038;paged=8'>8<\/a><\/li><li><a data-paged='9' href='http:\/\/www.portalcme.recife.pe.gov.br\/index.php?rest_route=%2Fwp%2Fv2%2Fpages%2F31&#038;paged=9'>9<\/a><\/li><\/ul><\/div><\/div>\r\n\t\t<\/div>\r\n\t\t\t\t<\/div>\n\t\t\t\t<\/div>\n\t\t\t\t\t<\/div>\n\t\t<\/div>\n\t\t\t\t\t\t\t<\/div>\n\t\t<\/section>\n\t\t\t\t\t\t\t<\/div>\n\t\t","protected":false},"excerpt":{"rendered":"<p>LEGISLA\u00c7\u00d5ES SOBRE EDUCA\u00c7\u00c3O Estatuto da Pessoa Idosa &#8230; Ver Mais CONSTITUI\u00c7\u00c3O FEDERAL LINK: https:\/\/www.planalto.gov.br\/ccivil_03\/constituicao\/constituicao.htm &#8230; Ver Mais O Estatuto da Crian\u00e7a e do Adolescente &#8211; ECA LINK: &#8230; Ver Mais REGIMENTO DO CONSELHO MUNICIPAL DE EDUCA\u00c7\u00c3O DO RECIFE Descri\u00e7\u00e3o:\u00a0 Regula o funcionamento do Conselho Municipal de Educa\u00e7\u00e3o do Recife \u2013 CME. &#8230; Ver Mais LEI [&hellip;]<\/p>\n","protected":false},"author":2,"featured_media":0,"parent":0,"menu_order":0,"comment_status":"closed","ping_status":"closed","template":"","meta":{"site-sidebar-layout":"no-sidebar","site-content-layout":"page-builder","ast-site-content-layout":"default","site-content-style":"default","site-sidebar-style":"default","ast-global-header-display":"","ast-banner-title-visibility":"","ast-main-header-display":"","ast-hfb-above-header-display":"","ast-hfb-below-header-display":"","ast-hfb-mobile-header-display":"","site-post-title":"disabled","ast-breadcrumbs-content":"","ast-featured-img":"disabled","footer-sml-layout":"","ast-disable-related-posts":"","theme-transparent-header-meta":"","adv-header-id-meta":"","stick-header-meta":"","header-above-stick-meta":"","header-main-stick-meta":"","header-below-stick-meta":"","astra-migrate-meta-layouts":"default","ast-page-background-enabled":"default","ast-page-background-meta":{"desktop":{"background-color":"var(--ast-global-color-4)","background-image":"","background-repeat":"repeat","background-position":"center center","background-size":"auto","background-attachment":"scroll","background-type":"","background-media":"","overlay-type":"","overlay-color":"","overlay-opacity":"","overlay-gradient":""},"tablet":{"background-color":"","background-image":"","background-repeat":"repeat","background-position":"center center","background-size":"auto","background-attachment":"scroll","background-type":"","background-media":"","overlay-type":"","overlay-color":"","overlay-opacity":"","overlay-gradient":""},"mobile":{"background-color":"","background-image":"","background-repeat":"repeat","background-position":"center center","background-size":"auto","background-attachment":"scroll","background-type":"","background-media":"","overlay-type":"","overlay-color":"","overlay-opacity":"","overlay-gradient":""}},"ast-content-background-meta":{"desktop":{"background-color":"var(--ast-global-color-5)","background-image":"","background-repeat":"repeat","background-position":"center center","background-size":"auto","background-attachment":"scroll","background-type":"","background-media":"","overlay-type":"","overlay-color":"","overlay-opacity":"","overlay-gradient":""},"tablet":{"background-color":"var(--ast-global-color-5)","background-image":"","background-repeat":"repeat","background-position":"center center","background-size":"auto","background-attachment":"scroll","background-type":"","background-media":"","overlay-type":"","overlay-color":"","overlay-opacity":"","overlay-gradient":""},"mobile":{"background-color":"var(--ast-global-color-5)","background-image":"","background-repeat":"repeat","background-position":"center center","background-size":"auto","background-attachment":"scroll","background-type":"","background-media":"","overlay-type":"","overlay-color":"","overlay-opacity":"","overlay-gradient":""}},"footnotes":""},"class_list":["post-31","page","type-page","status-publish","hentry"],"rttpg_featured_image_url":null,"rttpg_author":{"display_name":"David Tavares Fernandes da Silva","author_link":"http:\/\/www.portalcme.recife.pe.gov.br\/?author=2"},"rttpg_comment":0,"rttpg_category":"","rttpg_excerpt":"LEGISLA\u00c7\u00d5ES SOBRE EDUCA\u00c7\u00c3O Estatuto da Pessoa Idosa &#8230; Ver Mais CONSTITUI\u00c7\u00c3O FEDERAL LINK: https:\/\/www.planalto.gov.br\/ccivil_03\/constituicao\/constituicao.htm &#8230; Ver Mais O Estatuto da Crian\u00e7a e do Adolescente &#8211; ECA LINK: &#8230; Ver Mais REGIMENTO DO CONSELHO MUNICIPAL DE EDUCA\u00c7\u00c3O DO RECIFE Descri\u00e7\u00e3o:\u00a0 Regula o funcionamento do Conselho Municipal de Educa\u00e7\u00e3o do Recife \u2013 CME. &#8230; Ver Mais LEI&hellip;","_links":{"self":[{"href":"http:\/\/www.portalcme.recife.pe.gov.br\/index.php?rest_route=\/wp\/v2\/pages\/31","targetHints":{"allow":["GET"]}}],"collection":[{"href":"http:\/\/www.portalcme.recife.pe.gov.br\/index.php?rest_route=\/wp\/v2\/pages"}],"about":[{"href":"http:\/\/www.portalcme.recife.pe.gov.br\/index.php?rest_route=\/wp\/v2\/types\/page"}],"author":[{"embeddable":true,"href":"http:\/\/www.portalcme.recife.pe.gov.br\/index.php?rest_route=\/wp\/v2\/users\/2"}],"replies":[{"embeddable":true,"href":"http:\/\/www.portalcme.recife.pe.gov.br\/index.php?rest_route=%2Fwp%2Fv2%2Fcomments&post=31"}],"version-history":[{"count":18,"href":"http:\/\/www.portalcme.recife.pe.gov.br\/index.php?rest_route=\/wp\/v2\/pages\/31\/revisions"}],"predecessor-version":[{"id":1900,"href":"http:\/\/www.portalcme.recife.pe.gov.br\/index.php?rest_route=\/wp\/v2\/pages\/31\/revisions\/1900"}],"wp:attachment":[{"href":"http:\/\/www.portalcme.recife.pe.gov.br\/index.php?rest_route=%2Fwp%2Fv2%2Fmedia&parent=31"}],"curies":[{"name":"wp","href":"https:\/\/api.w.org\/{rel}","templated":true}]}}